{"id":58,"date":"2020-09-19T18:55:02","date_gmt":"2020-09-19T11:55:02","guid":{"rendered":"https:\/\/flyingart.vn\/?page_id=58"},"modified":"2024-06-10T22:50:43","modified_gmt":"2024-06-10T15:50:43","slug":"kien-truc","status":"publish","type":"page","link":"https:\/\/flyingart.vn\/?page_id=58","title":{"rendered":"Ki\u1ebfn tr\u00fac"},"content":{"rendered":"\n<p><strong>Ki\u1ebfn tr\u00fac <\/strong>l\u00e0 m\u1ed9t ng\u00e0nh ngh\u1ec7 thu\u1eadt v\u00e0 khoa h\u1ecdc v\u1ec1 t\u1ed5 ch\u1ee9c s\u1eafp x\u1ebfp kh\u00f4ng gian, \u0111\u1ea3m b\u1ea3o v\u1ec1 c\u00f4ng n\u0103ng s\u1eed d\u1ee5ng, t\u00ednh th\u1ea9m m\u1ef9, kinh ph\u00ed \u0111\u1ea7u t\u01b0 v\u00e0 tu\u1ed5i th\u1ecd c\u00f4ng tr\u00ecnh.<\/p>\n\n\n\n<p><strong>Thi\u1ebft k\u1ebf ki\u1ebfn tr\u00fac<\/strong> l\u00e0 m\u1ed9t c\u00f4ng vi\u1ec7c v\u00f4 c\u00f9ng ph\u1ee9c t\u1ea1p, \u0111\u00f2i h\u1ecfi c\u00e1c ki\u1ebfn tr\u00fac s\u01b0 ph\u1ea3i t\u00ecm \u0111\u01b0\u1ee3c c\u1ea3m h\u1ee9ng s\u00e1ng t\u00e1c \u0111\u1ed3ng th\u1eddi ph\u1ea3i t\u00ednh to\u00e1n m\u1ed9t c\u00e1ch t\u1ec9 m\u1ec9 v\u00e0 k\u1ef9 l\u01b0\u1ee1ng trong t\u1eebng chi ti\u1ebft, t\u1eebng h\u1ea1ng m\u1ee5c c\u00f4ng tr\u00ecnh.<\/p>\n\n\n\n<p>V\u1edbi mong mu\u1ed1n ki\u1ebfn t\u1ea1o kh\u00f4ng gian s\u1ed1ng ph\u00f9 h\u1ee3p v\u1edbi gia ch\u1ee7, b\u1eb1ng t\u00e2m huy\u1ebft, s\u1ef1 nhi\u1ec7t t\u00ecnh, s\u00e1ng t\u1ea1o v\u00e0 kinh nghi\u1ec7m chuy\u00ean m\u00f4n, \u0111\u1ed9i ng\u0169 <strong>Flying Art<\/strong> t\u1ef1 tin mang \u0111\u1ebfn cho Qu\u00fd kh\u00e1ch t\u00e1c ph\u1ea9m ki\u1ebfn tr\u00fac tuy\u1ec7t v\u1eddi.<\/p>\n\n\n\n<p>Ngo\u00e0i ra, m\u1ed9t&nbsp;quy tr\u00ecnh thi\u1ebft k\u1ebf ki\u1ebfn tr\u00fac&nbsp;chuy\u00ean nghi\u1ec7p s\u1ebd l\u00e0 y\u1ebfu t\u1ed1 kh\u00f4ng th\u1ec3 thi\u1ebfu nh\u1eb1m gi\u1ea3i t\u1ecfa \u0111\u01b0\u1ee3c nh\u1eefng lo l\u1eafng, b\u0103n kho\u0103n c\u1ee7a b\u1ea1n khi \u0111i t\u00ecm nh\u1eefng \u0111\u01a1n v\u1ecb thi\u1ebft k\u1ebf x\u00e2y d\u1ef1ng uy t\u00edn, c\u00f3 tr\u00ecnh \u0111\u1ed9 \u0111\u1ec3 trao tr\u1ecdn ni\u1ec1m tin<\/p>\n\n\n\n<p class=\"has-medium-font-size\"><strong>Quy tr\u00ecnh thi\u1ebft k\u1ebf ki\u1ebfn tr\u00fac t\u1ea1i Flying Art:<\/strong><\/p>\n\n\n<div class=\"wp-block-image\">\n<figure class=\"alignleft size-large\"><img loading=\"lazy\" decoding=\"async\" width=\"1024\" height=\"871\" src=\"https:\/\/flyingart.vn\/wp-content\/uploads\/2024\/06\/quy-trinh-kien-truc-1024x871.jpg\" alt=\"\" class=\"wp-image-1750\" srcset=\"https:\/\/flyingart.vn\/wp-content\/uploads\/2024\/06\/quy-trinh-kien-truc-1024x871.jpg 1024w, https:\/\/flyingart.vn\/wp-content\/uploads\/2024\/06\/quy-trinh-kien-truc-300x255.jpg 300w, https:\/\/flyingart.vn\/wp-content\/uploads\/2024\/06\/quy-trinh-kien-truc-768x653.jpg 768w, https:\/\/flyingart.vn\/wp-content\/uploads\/2024\/06\/quy-trinh-kien-truc-1536x1307.jpg 1536w, https:\/\/flyingart.vn\/wp-content\/uploads\/2024\/06\/quy-trinh-kien-truc-2048x1742.jpg 2048w, https:\/\/flyingart.vn\/wp-content\/uploads\/2024\/06\/quy-trinh-kien-truc-1269x1080.jpg 1269w\" sizes=\"auto, (max-width: 1024px) 100vw, 1024px\" \/><\/figure>\n<\/div>\n\n\n<p><br><\/p>\n\n\n\n<p class=\"has-text-align-center has-medium-font-size\">  <em>Flying Art lu\u00f4n s\u1eb5n l\u00f2ng ph\u1ee5c v\u1ee5 qu\u00fd kh\u00e1ch<\/em> !<\/p>\n","protected":false},"excerpt":{"rendered":"<p>Ki\u1ebfn tr\u00fac l\u00e0 m\u1ed9t ng\u00e0nh ngh\u1ec7 thu\u1eadt v\u00e0 khoa h\u1ecdc v\u1ec1 t\u1ed5 ch\u1ee9c s\u1eafp x\u1ebfp kh\u00f4ng gian, \u0111\u1ea3m b\u1ea3o v\u1ec1 c\u00f4ng n\u0103ng s\u1eed d\u1ee5ng, t\u00ednh th\u1ea9m m\u1ef9, kinh ph\u00ed \u0111\u1ea7u t\u01b0 v\u00e0 tu\u1ed5i th\u1ecd c\u00f4ng tr\u00ecnh. Thi\u1ebft k\u1ebf ki\u1ebfn tr\u00fac l\u00e0 m\u1ed9t c\u00f4ng vi\u1ec7c v\u00f4 c\u00f9ng ph\u1ee9c t\u1ea1p, \u0111\u00f2i h\u1ecfi c\u00e1c ki\u1ebfn tr\u00fac s\u01b0 ph\u1ea3i&hellip; <br \/> <a class=\"read-more\" href=\"https:\/\/flyingart.vn\/?page_id=58\">Read more<\/a><\/p>\n","protected":false},"author":1,"featured_media":84,"parent":0,"menu_order":0,"comment_status":"open","ping_status":"closed","template":"page-templates\/homepage.php","meta":{"footnotes":""},"class_list":["post-58","page","type-page","status-publish","has-post-thumbnail","hentry"],"yoast_head":"<!-- This site is optimized with the Yoast SEO plugin v26.5 - https:\/\/yoast.com\/wordpress\/plugins\/seo\/ -->\n<title>Ki\u1ebfn tr\u00fac - Ki\u1ebfn Tr\u00fac - N\u1ed9i Th\u1ea5t Flying Art<\/title>\n<meta name=\"robots\" content=\"index, follow, max-snippet:-1, max-image-preview:large, max-video-preview:-1\" \/>\n<link rel=\"canonical\" href=\"https:\/\/flyingart.vn\/?page_id=58\" \/>\n<meta property=\"og:locale\" content=\"vi_VN\" \/>\n<meta property=\"og:type\" content=\"article\" \/>\n<meta property=\"og:title\" content=\"Ki\u1ebfn tr\u00fac - Ki\u1ebfn Tr\u00fac - N\u1ed9i Th\u1ea5t Flying Art\" \/>\n<meta property=\"og:description\" content=\"Ki\u1ebfn tr\u00fac l\u00e0 m\u1ed9t ng\u00e0nh ngh\u1ec7 thu\u1eadt v\u00e0 khoa h\u1ecdc v\u1ec1 t\u1ed5 ch\u1ee9c s\u1eafp x\u1ebfp kh\u00f4ng gian, \u0111\u1ea3m b\u1ea3o v\u1ec1 c\u00f4ng n\u0103ng s\u1eed d\u1ee5ng, t\u00ednh th\u1ea9m m\u1ef9, kinh ph\u00ed \u0111\u1ea7u t\u01b0 v\u00e0 tu\u1ed5i th\u1ecd c\u00f4ng tr\u00ecnh. Thi\u1ebft k\u1ebf ki\u1ebfn tr\u00fac l\u00e0 m\u1ed9t c\u00f4ng vi\u1ec7c v\u00f4 c\u00f9ng ph\u1ee9c t\u1ea1p, \u0111\u00f2i h\u1ecfi c\u00e1c ki\u1ebfn tr\u00fac s\u01b0 ph\u1ea3i&hellip; Read more\" \/>\n<meta property=\"og:url\" content=\"https:\/\/flyingart.vn\/?page_id=58\" \/>\n<meta property=\"og:site_name\" content=\"Ki\u1ebfn Tr\u00fac - N\u1ed9i Th\u1ea5t Flying Art\" \/>\n<meta property=\"article:modified_time\" content=\"2024-06-10T15:50:43+00:00\" \/>\n<meta property=\"og:image\" content=\"https:\/\/flyingart.vn\/wp-content\/uploads\/2020\/09\/pexels-lex-photography-1109541-scaled.jpg\" \/>\n\t<meta property=\"og:image:width\" content=\"2560\" \/>\n\t<meta property=\"og:image:height\" content=\"1707\" \/>\n\t<meta property=\"og:image:type\" content=\"image\/jpeg\" \/>\n<meta name=\"twitter:card\" content=\"summary_large_image\" \/>\n<meta name=\"twitter:label1\" content=\"\u01af\u1edbc t\u00ednh th\u1eddi gian \u0111\u1ecdc\" \/>\n\t<meta name=\"twitter:data1\" content=\"2 ph\u00fat\" \/>\n<script type=\"application\/ld+json\" class=\"yoast-schema-graph\">{\"@context\":\"https:\/\/schema.org\",\"@graph\":[{\"@type\":\"WebPage\",\"@id\":\"https:\/\/flyingart.vn\/?page_id=58\",\"url\":\"https:\/\/flyingart.vn\/?page_id=58\",\"name\":\"Ki\u1ebfn tr\u00fac - Ki\u1ebfn Tr\u00fac - N\u1ed9i Th\u1ea5t Flying Art\",\"isPartOf\":{\"@id\":\"https:\/\/flyingart.vn\/#website\"},\"primaryImageOfPage\":{\"@id\":\"https:\/\/flyingart.vn\/?page_id=58#primaryimage\"},\"image\":{\"@id\":\"https:\/\/flyingart.vn\/?page_id=58#primaryimage\"},\"thumbnailUrl\":\"https:\/\/flyingart.vn\/wp-content\/uploads\/2020\/09\/pexels-lex-photography-1109541-scaled.jpg\",\"datePublished\":\"2020-09-19T11:55:02+00:00\",\"dateModified\":\"2024-06-10T15:50:43+00:00\",\"breadcrumb\":{\"@id\":\"https:\/\/flyingart.vn\/?page_id=58#breadcrumb\"},\"inLanguage\":\"vi\",\"potentialAction\":[{\"@type\":\"ReadAction\",\"target\":[\"https:\/\/flyingart.vn\/?page_id=58\"]}]},{\"@type\":\"ImageObject\",\"inLanguage\":\"vi\",\"@id\":\"https:\/\/flyingart.vn\/?page_id=58#primaryimage\",\"url\":\"https:\/\/flyingart.vn\/wp-content\/uploads\/2020\/09\/pexels-lex-photography-1109541-scaled.jpg\",\"contentUrl\":\"https:\/\/flyingart.vn\/wp-content\/uploads\/2020\/09\/pexels-lex-photography-1109541-scaled.jpg\",\"width\":2560,\"height\":1707},{\"@type\":\"BreadcrumbList\",\"@id\":\"https:\/\/flyingart.vn\/?page_id=58#breadcrumb\",\"itemListElement\":[{\"@type\":\"ListItem\",\"position\":1,\"name\":\"Trang ch\u1ee7\",\"item\":\"https:\/\/flyingart.vn\/\"},{\"@type\":\"ListItem\",\"position\":2,\"name\":\"Ki\u1ebfn tr\u00fac\"}]},{\"@type\":\"WebSite\",\"@id\":\"https:\/\/flyingart.vn\/#website\",\"url\":\"https:\/\/flyingart.vn\/\",\"name\":\"Ki\u1ebfn Tr\u00fac - N\u1ed9i Th\u1ea5t Flying Art\",\"description\":\"&quot;Ki\u1ebfn t\u1ea1o kh\u00f4ng gian s\u1ed1ng&quot;\",\"potentialAction\":[{\"@type\":\"SearchAction\",\"target\":{\"@type\":\"EntryPoint\",\"urlTemplate\":\"https:\/\/flyingart.vn\/?s={search_term_string}\"},\"query-input\":{\"@type\":\"PropertyValueSpecification\",\"valueRequired\":true,\"valueName\":\"search_term_string\"}}],\"inLanguage\":\"vi\"}]}<\/script>\n<!-- \/ Yoast SEO plugin. -->","yoast_head_json":{"title":"Ki\u1ebfn tr\u00fac - Ki\u1ebfn Tr\u00fac - N\u1ed9i Th\u1ea5t Flying Art","robots":{"index":"index","follow":"follow","max-snippet":"max-snippet:-1","max-image-preview":"max-image-preview:large","max-video-preview":"max-video-preview:-1"},"canonical":"https:\/\/flyingart.vn\/?page_id=58","og_locale":"vi_VN","og_type":"article","og_title":"Ki\u1ebfn tr\u00fac - Ki\u1ebfn Tr\u00fac - N\u1ed9i Th\u1ea5t Flying Art","og_description":"Ki\u1ebfn tr\u00fac l\u00e0 m\u1ed9t ng\u00e0nh ngh\u1ec7 thu\u1eadt v\u00e0 khoa h\u1ecdc v\u1ec1 t\u1ed5 ch\u1ee9c s\u1eafp x\u1ebfp kh\u00f4ng gian, \u0111\u1ea3m b\u1ea3o v\u1ec1 c\u00f4ng n\u0103ng s\u1eed d\u1ee5ng, t\u00ednh th\u1ea9m m\u1ef9, kinh ph\u00ed \u0111\u1ea7u t\u01b0 v\u00e0 tu\u1ed5i th\u1ecd c\u00f4ng tr\u00ecnh. Thi\u1ebft k\u1ebf ki\u1ebfn tr\u00fac l\u00e0 m\u1ed9t c\u00f4ng vi\u1ec7c v\u00f4 c\u00f9ng ph\u1ee9c t\u1ea1p, \u0111\u00f2i h\u1ecfi c\u00e1c ki\u1ebfn tr\u00fac s\u01b0 ph\u1ea3i&hellip; Read more","og_url":"https:\/\/flyingart.vn\/?page_id=58","og_site_name":"Ki\u1ebfn Tr\u00fac - N\u1ed9i Th\u1ea5t Flying Art","article_modified_time":"2024-06-10T15:50:43+00:00","og_image":[{"width":2560,"height":1707,"url":"https:\/\/flyingart.vn\/wp-content\/uploads\/2020\/09\/pexels-lex-photography-1109541-scaled.jpg","type":"image\/jpeg"}],"twitter_card":"summary_large_image","twitter_misc":{"\u01af\u1edbc t\u00ednh th\u1eddi gian \u0111\u1ecdc":"2 ph\u00fat"},"schema":{"@context":"https:\/\/schema.org","@graph":[{"@type":"WebPage","@id":"https:\/\/flyingart.vn\/?page_id=58","url":"https:\/\/flyingart.vn\/?page_id=58","name":"Ki\u1ebfn tr\u00fac - Ki\u1ebfn Tr\u00fac - N\u1ed9i Th\u1ea5t Flying Art","isPartOf":{"@id":"https:\/\/flyingart.vn\/#website"},"primaryImageOfPage":{"@id":"https:\/\/flyingart.vn\/?page_id=58#primaryimage"},"image":{"@id":"https:\/\/flyingart.vn\/?page_id=58#primaryimage"},"thumbnailUrl":"https:\/\/flyingart.vn\/wp-content\/uploads\/2020\/09\/pexels-lex-photography-1109541-scaled.jpg","datePublished":"2020-09-19T11:55:02+00:00","dateModified":"2024-06-10T15:50:43+00:00","breadcrumb":{"@id":"https:\/\/flyingart.vn\/?page_id=58#breadcrumb"},"inLanguage":"vi","potentialAction":[{"@type":"ReadAction","target":["https:\/\/flyingart.vn\/?page_id=58"]}]},{"@type":"ImageObject","inLanguage":"vi","@id":"https:\/\/flyingart.vn\/?page_id=58#primaryimage","url":"https:\/\/flyingart.vn\/wp-content\/uploads\/2020\/09\/pexels-lex-photography-1109541-scaled.jpg","contentUrl":"https:\/\/flyingart.vn\/wp-content\/uploads\/2020\/09\/pexels-lex-photography-1109541-scaled.jpg","width":2560,"height":1707},{"@type":"BreadcrumbList","@id":"https:\/\/flyingart.vn\/?page_id=58#breadcrumb","itemListElement":[{"@type":"ListItem","position":1,"name":"Trang ch\u1ee7","item":"https:\/\/flyingart.vn\/"},{"@type":"ListItem","position":2,"name":"Ki\u1ebfn tr\u00fac"}]},{"@type":"WebSite","@id":"https:\/\/flyingart.vn\/#website","url":"https:\/\/flyingart.vn\/","name":"Ki\u1ebfn Tr\u00fac - N\u1ed9i Th\u1ea5t Flying Art","description":"&quot;Ki\u1ebfn t\u1ea1o kh\u00f4ng gian s\u1ed1ng&quot;","potentialAction":[{"@type":"SearchAction","target":{"@type":"EntryPoint","urlTemplate":"https:\/\/flyingart.vn\/?s={search_term_string}"},"query-input":{"@type":"PropertyValueSpecification","valueRequired":true,"valueName":"search_term_string"}}],"inLanguage":"vi"}]}},"_links":{"self":[{"href":"https:\/\/flyingart.vn\/index.php?rest_route=\/wp\/v2\/pages\/58","targetHints":{"allow":["GET"]}}],"collection":[{"href":"https:\/\/flyingart.vn\/index.php?rest_route=\/wp\/v2\/pages"}],"about":[{"href":"https:\/\/flyingart.vn\/index.php?rest_route=\/wp\/v2\/types\/page"}],"author":[{"embeddable":true,"href":"https:\/\/flyingart.vn\/index.php?rest_route=\/wp\/v2\/users\/1"}],"replies":[{"embeddable":true,"href":"https:\/\/flyingart.vn\/index.php?rest_route=%2Fwp%2Fv2%2Fcomments&post=58"}],"version-history":[{"count":25,"href":"https:\/\/flyingart.vn\/index.php?rest_route=\/wp\/v2\/pages\/58\/revisions"}],"predecessor-version":[{"id":1838,"href":"https:\/\/flyingart.vn\/index.php?rest_route=\/wp\/v2\/pages\/58\/revisions\/1838"}],"wp:featuredmedia":[{"embeddable":true,"href":"https:\/\/flyingart.vn\/index.php?rest_route=\/wp\/v2\/media\/84"}],"wp:attachment":[{"href":"https:\/\/flyingart.vn\/index.php?rest_route=%2Fwp%2Fv2%2Fmedia&parent=58"}],"curies":[{"name":"wp","href":"https:\/\/api.w.org\/{rel}","templated":true}]}}