{"id":59,"date":"2020-09-19T18:55:02","date_gmt":"2020-09-19T11:55:02","guid":{"rendered":"https:\/\/flyingart.vn\/?page_id=59"},"modified":"2024-06-10T22:51:21","modified_gmt":"2024-06-10T15:51:21","slug":"furniture-noi-that","status":"publish","type":"page","link":"https:\/\/flyingart.vn\/?page_id=59","title":{"rendered":"N\u1ed9i th\u1ea5t"},"content":{"rendered":"\n<p><strong>Thi\u1ebft k\u1ebf N\u1ed9i th\u1ea5t<\/strong>:  L\u00e0 ngh\u1ec7 thu\u1eadt b\u00e0i tr\u00ed, s\u1eafp x\u1ebfp t\u1ea5t c\u1ea3 c\u00e1c v\u1eadt d\u1ee5ng b\u00ean trong n\u01a1i \u1edf nh\u1eb1m \u0111\u00e1p \u1ee9ng 2 m\u1ee5c ti\u00eau c\u01a1 b\u1ea3n l\u00e0 th\u1ea9m m\u1ef9 &amp; c\u00f4ng n\u0103ng s\u1eed s\u1ee5ng. Vi\u1ec7c n\u00e0y c\u1ea7n s\u1ef1 hi\u1ec3u bi\u1ebft v\u1ec1 ch\u1ee9c n\u0103ng c\u1ee7a t\u1eebng kh\u00f4ng gian s\u1ed1ng, c\u00f4ng n\u0103ng c\u1ee7a t\u1eebng m\u00f3n \u0111\u1ed3, c\u00f3 ki\u1ebfn th\u1ee9c v\u1ec1 k\u1ef9 thu\u1eadt thi c\u00f4ng, v\u1eadt li\u1ec7u ho\u00e0n thi\u1ec7n c\u0169ng nh\u01b0 ph\u1ee5 ki\u1ec7n n\u1ed9i th\u1ea5t.<\/p>\n\n\n\n<p>\u0110\u00e3 t\u1eeb r\u1ea5t l\u00e2u, \u0111\u1eb7c bi\u1ec7t l\u00e0 nh\u1eefng n\u0103m g\u1ea7n \u0111\u00e2y, vi\u1ec7c thi\u1ebft k\u1ebf n\u1ed9i th\u1ea5t l\u00e0 r\u1ea5t quan tr\u1ecdng, \u0111\u01b0\u1ee3c nhi\u1ec1u gia ch\u1ee7 quan t\u00e2m, nh\u1eb1m mang l\u1ea1i kh\u00f4ng gian s\u1ed1ng ti\u1ec7n nghi v\u00e0 tho\u1ea3i m\u00e1i nh\u1ea5t.<\/p>\n\n\n\n<p>T\u1ea1i Flying Art, v\u1edbi quy tr\u00ecnh thi\u1ebft k\u1ebf n\u1ed9i th\u1ea5t r\u00f5 r\u00e0ng chuy\u00ean nghi\u1ec7p, c\u00f9ng s\u1ef1 t\u00e2m huy\u1ebft, s\u00e1ng t\u1ea1o c\u1ee7a \u0111\u1ed9i ng\u0169 ki\u1ebfn tr\u00fac s\u01b0 s\u1ebd mang l\u1ea1i cho Qu\u00fd kh\u00e1ch kh\u00f4ng gian n\u1ed9i th\u1ea5t \u0111\u1ea3m b\u1ea3o c\u00f4ng n\u0103ng s\u1eed d\u1ee5ng &amp; t\u00ednh th\u1ea9m m\u1ef9 cao.<\/p>\n\n\n\n<p class=\"has-text-align-center has-medium-font-size\"><strong>Quy tr\u00ecnh thi\u1ebft k\u1ebf n\u1ed9i th\u1ea5t t\u1ea1i Flying Art<\/strong>: <\/p>\n\n\n<div class=\"wp-block-image\">\n<figure class=\"aligncenter size-large\"><img loading=\"lazy\" decoding=\"async\" width=\"1024\" height=\"871\" src=\"https:\/\/flyingart.vn\/wp-content\/uploads\/2024\/06\/quy-trinh-noi-that-1024x871.jpg\" alt=\"\" class=\"wp-image-1752\" srcset=\"https:\/\/flyingart.vn\/wp-content\/uploads\/2024\/06\/quy-trinh-noi-that-1024x871.jpg 1024w, https:\/\/flyingart.vn\/wp-content\/uploads\/2024\/06\/quy-trinh-noi-that-300x255.jpg 300w, https:\/\/flyingart.vn\/wp-content\/uploads\/2024\/06\/quy-trinh-noi-that-768x653.jpg 768w, https:\/\/flyingart.vn\/wp-content\/uploads\/2024\/06\/quy-trinh-noi-that-1536x1307.jpg 1536w, https:\/\/flyingart.vn\/wp-content\/uploads\/2024\/06\/quy-trinh-noi-that-2048x1742.jpg 2048w, https:\/\/flyingart.vn\/wp-content\/uploads\/2024\/06\/quy-trinh-noi-that-1269x1080.jpg 1269w\" sizes=\"auto, (max-width: 1024px) 100vw, 1024px\" \/><\/figure>\n<\/div>\n\n\n<p class=\"has-text-align-center has-medium-font-size\"><em>Flying Art lu\u00f4n s\u1eb5n l\u00f2ng ph\u1ee5c v\u1ee5 qu\u00fd kh\u00e1ch<\/em> !<\/p>\n","protected":false},"excerpt":{"rendered":"<p>Thi\u1ebft k\u1ebf N\u1ed9i th\u1ea5t: L\u00e0 ngh\u1ec7 thu\u1eadt b\u00e0i tr\u00ed, s\u1eafp x\u1ebfp t\u1ea5t c\u1ea3 c\u00e1c v\u1eadt d\u1ee5ng b\u00ean trong n\u01a1i \u1edf nh\u1eb1m \u0111\u00e1p \u1ee9ng 2 m\u1ee5c ti\u00eau c\u01a1 b\u1ea3n l\u00e0 th\u1ea9m m\u1ef9 &amp; c\u00f4ng n\u0103ng s\u1eed s\u1ee5ng. Vi\u1ec7c n\u00e0y c\u1ea7n s\u1ef1 hi\u1ec3u bi\u1ebft v\u1ec1 ch\u1ee9c n\u0103ng c\u1ee7a t\u1eebng kh\u00f4ng gian s\u1ed1ng, c\u00f4ng n\u0103ng c\u1ee7a t\u1eebng m\u00f3n&hellip; <br \/> <a class=\"read-more\" href=\"https:\/\/flyingart.vn\/?page_id=59\">Read more<\/a><\/p>\n","protected":false},"author":1,"featured_media":0,"parent":0,"menu_order":0,"comment_status":"open","ping_status":"closed","template":"page-templates\/homepage.php","meta":{"footnotes":""},"class_list":["post-59","page","type-page","status-publish","hentry"],"yoast_head":"<!-- This site is optimized with the Yoast SEO plugin v26.5 - https:\/\/yoast.com\/wordpress\/plugins\/seo\/ -->\n<title>N\u1ed9i th\u1ea5t - Ki\u1ebfn Tr\u00fac - N\u1ed9i Th\u1ea5t Flying Art<\/title>\n<meta name=\"robots\" content=\"index, follow, max-snippet:-1, max-image-preview:large, max-video-preview:-1\" \/>\n<link rel=\"canonical\" href=\"https:\/\/flyingart.vn\/?page_id=59\" \/>\n<meta property=\"og:locale\" content=\"vi_VN\" \/>\n<meta property=\"og:type\" content=\"article\" \/>\n<meta property=\"og:title\" content=\"N\u1ed9i th\u1ea5t - Ki\u1ebfn Tr\u00fac - N\u1ed9i Th\u1ea5t Flying Art\" \/>\n<meta property=\"og:description\" content=\"Thi\u1ebft k\u1ebf N\u1ed9i th\u1ea5t: L\u00e0 ngh\u1ec7 thu\u1eadt b\u00e0i tr\u00ed, s\u1eafp x\u1ebfp t\u1ea5t c\u1ea3 c\u00e1c v\u1eadt d\u1ee5ng b\u00ean trong n\u01a1i \u1edf nh\u1eb1m \u0111\u00e1p \u1ee9ng 2 m\u1ee5c ti\u00eau c\u01a1 b\u1ea3n l\u00e0 th\u1ea9m m\u1ef9 &amp; c\u00f4ng n\u0103ng s\u1eed s\u1ee5ng. Vi\u1ec7c n\u00e0y c\u1ea7n s\u1ef1 hi\u1ec3u bi\u1ebft v\u1ec1 ch\u1ee9c n\u0103ng c\u1ee7a t\u1eebng kh\u00f4ng gian s\u1ed1ng, c\u00f4ng n\u0103ng c\u1ee7a t\u1eebng m\u00f3n&hellip; Read more\" \/>\n<meta property=\"og:url\" content=\"https:\/\/flyingart.vn\/?page_id=59\" \/>\n<meta property=\"og:site_name\" content=\"Ki\u1ebfn Tr\u00fac - N\u1ed9i Th\u1ea5t Flying Art\" \/>\n<meta property=\"article:modified_time\" content=\"2024-06-10T15:51:21+00:00\" \/>\n<meta property=\"og:image\" content=\"https:\/\/flyingart.vn\/wp-content\/uploads\/2024\/06\/quy-trinh-noi-that-1024x871.jpg\" \/>\n<meta name=\"twitter:card\" content=\"summary_large_image\" \/>\n<meta name=\"twitter:label1\" content=\"\u01af\u1edbc t\u00ednh th\u1eddi gian \u0111\u1ecdc\" \/>\n\t<meta name=\"twitter:data1\" content=\"1 ph\u00fat\" \/>\n<script type=\"application\/ld+json\" class=\"yoast-schema-graph\">{\"@context\":\"https:\/\/schema.org\",\"@graph\":[{\"@type\":\"WebPage\",\"@id\":\"https:\/\/flyingart.vn\/?page_id=59\",\"url\":\"https:\/\/flyingart.vn\/?page_id=59\",\"name\":\"N\u1ed9i th\u1ea5t - Ki\u1ebfn Tr\u00fac - N\u1ed9i Th\u1ea5t Flying Art\",\"isPartOf\":{\"@id\":\"https:\/\/flyingart.vn\/#website\"},\"primaryImageOfPage\":{\"@id\":\"https:\/\/flyingart.vn\/?page_id=59#primaryimage\"},\"image\":{\"@id\":\"https:\/\/flyingart.vn\/?page_id=59#primaryimage\"},\"thumbnailUrl\":\"https:\/\/flyingart.vn\/wp-content\/uploads\/2024\/06\/quy-trinh-noi-that-1024x871.jpg\",\"datePublished\":\"2020-09-19T11:55:02+00:00\",\"dateModified\":\"2024-06-10T15:51:21+00:00\",\"breadcrumb\":{\"@id\":\"https:\/\/flyingart.vn\/?page_id=59#breadcrumb\"},\"inLanguage\":\"vi\",\"potentialAction\":[{\"@type\":\"ReadAction\",\"target\":[\"https:\/\/flyingart.vn\/?page_id=59\"]}]},{\"@type\":\"ImageObject\",\"inLanguage\":\"vi\",\"@id\":\"https:\/\/flyingart.vn\/?page_id=59#primaryimage\",\"url\":\"https:\/\/flyingart.vn\/wp-content\/uploads\/2024\/06\/quy-trinh-noi-that-scaled.jpg\",\"contentUrl\":\"https:\/\/flyingart.vn\/wp-content\/uploads\/2024\/06\/quy-trinh-noi-that-scaled.jpg\",\"width\":2560,\"height\":2178},{\"@type\":\"BreadcrumbList\",\"@id\":\"https:\/\/flyingart.vn\/?page_id=59#breadcrumb\",\"itemListElement\":[{\"@type\":\"ListItem\",\"position\":1,\"name\":\"Trang ch\u1ee7\",\"item\":\"https:\/\/flyingart.vn\/\"},{\"@type\":\"ListItem\",\"position\":2,\"name\":\"N\u1ed9i th\u1ea5t\"}]},{\"@type\":\"WebSite\",\"@id\":\"https:\/\/flyingart.vn\/#website\",\"url\":\"https:\/\/flyingart.vn\/\",\"name\":\"Ki\u1ebfn Tr\u00fac - N\u1ed9i Th\u1ea5t Flying Art\",\"description\":\"&quot;Ki\u1ebfn t\u1ea1o kh\u00f4ng gian s\u1ed1ng&quot;\",\"potentialAction\":[{\"@type\":\"SearchAction\",\"target\":{\"@type\":\"EntryPoint\",\"urlTemplate\":\"https:\/\/flyingart.vn\/?s={search_term_string}\"},\"query-input\":{\"@type\":\"PropertyValueSpecification\",\"valueRequired\":true,\"valueName\":\"search_term_string\"}}],\"inLanguage\":\"vi\"}]}<\/script>\n<!-- \/ Yoast SEO plugin. -->","yoast_head_json":{"title":"N\u1ed9i th\u1ea5t - Ki\u1ebfn Tr\u00fac - N\u1ed9i Th\u1ea5t Flying Art","robots":{"index":"index","follow":"follow","max-snippet":"max-snippet:-1","max-image-preview":"max-image-preview:large","max-video-preview":"max-video-preview:-1"},"canonical":"https:\/\/flyingart.vn\/?page_id=59","og_locale":"vi_VN","og_type":"article","og_title":"N\u1ed9i th\u1ea5t - Ki\u1ebfn Tr\u00fac - N\u1ed9i Th\u1ea5t Flying Art","og_description":"Thi\u1ebft k\u1ebf N\u1ed9i th\u1ea5t: L\u00e0 ngh\u1ec7 thu\u1eadt b\u00e0i tr\u00ed, s\u1eafp x\u1ebfp t\u1ea5t c\u1ea3 c\u00e1c v\u1eadt d\u1ee5ng b\u00ean trong n\u01a1i \u1edf nh\u1eb1m \u0111\u00e1p \u1ee9ng 2 m\u1ee5c ti\u00eau c\u01a1 b\u1ea3n l\u00e0 th\u1ea9m m\u1ef9 &amp; c\u00f4ng n\u0103ng s\u1eed s\u1ee5ng. Vi\u1ec7c n\u00e0y c\u1ea7n s\u1ef1 hi\u1ec3u bi\u1ebft v\u1ec1 ch\u1ee9c n\u0103ng c\u1ee7a t\u1eebng kh\u00f4ng gian s\u1ed1ng, c\u00f4ng n\u0103ng c\u1ee7a t\u1eebng m\u00f3n&hellip; Read more","og_url":"https:\/\/flyingart.vn\/?page_id=59","og_site_name":"Ki\u1ebfn Tr\u00fac - N\u1ed9i Th\u1ea5t Flying Art","article_modified_time":"2024-06-10T15:51:21+00:00","og_image":[{"url":"https:\/\/flyingart.vn\/wp-content\/uploads\/2024\/06\/quy-trinh-noi-that-1024x871.jpg","type":"","width":"","height":""}],"twitter_card":"summary_large_image","twitter_misc":{"\u01af\u1edbc t\u00ednh th\u1eddi gian \u0111\u1ecdc":"1 ph\u00fat"},"schema":{"@context":"https:\/\/schema.org","@graph":[{"@type":"WebPage","@id":"https:\/\/flyingart.vn\/?page_id=59","url":"https:\/\/flyingart.vn\/?page_id=59","name":"N\u1ed9i th\u1ea5t - Ki\u1ebfn Tr\u00fac - N\u1ed9i Th\u1ea5t Flying Art","isPartOf":{"@id":"https:\/\/flyingart.vn\/#website"},"primaryImageOfPage":{"@id":"https:\/\/flyingart.vn\/?page_id=59#primaryimage"},"image":{"@id":"https:\/\/flyingart.vn\/?page_id=59#primaryimage"},"thumbnailUrl":"https:\/\/flyingart.vn\/wp-content\/uploads\/2024\/06\/quy-trinh-noi-that-1024x871.jpg","datePublished":"2020-09-19T11:55:02+00:00","dateModified":"2024-06-10T15:51:21+00:00","breadcrumb":{"@id":"https:\/\/flyingart.vn\/?page_id=59#breadcrumb"},"inLanguage":"vi","potentialAction":[{"@type":"ReadAction","target":["https:\/\/flyingart.vn\/?page_id=59"]}]},{"@type":"ImageObject","inLanguage":"vi","@id":"https:\/\/flyingart.vn\/?page_id=59#primaryimage","url":"https:\/\/flyingart.vn\/wp-content\/uploads\/2024\/06\/quy-trinh-noi-that-scaled.jpg","contentUrl":"https:\/\/flyingart.vn\/wp-content\/uploads\/2024\/06\/quy-trinh-noi-that-scaled.jpg","width":2560,"height":2178},{"@type":"BreadcrumbList","@id":"https:\/\/flyingart.vn\/?page_id=59#breadcrumb","itemListElement":[{"@type":"ListItem","position":1,"name":"Trang ch\u1ee7","item":"https:\/\/flyingart.vn\/"},{"@type":"ListItem","position":2,"name":"N\u1ed9i th\u1ea5t"}]},{"@type":"WebSite","@id":"https:\/\/flyingart.vn\/#website","url":"https:\/\/flyingart.vn\/","name":"Ki\u1ebfn Tr\u00fac - N\u1ed9i Th\u1ea5t Flying Art","description":"&quot;Ki\u1ebfn t\u1ea1o kh\u00f4ng gian s\u1ed1ng&quot;","potentialAction":[{"@type":"SearchAction","target":{"@type":"EntryPoint","urlTemplate":"https:\/\/flyingart.vn\/?s={search_term_string}"},"query-input":{"@type":"PropertyValueSpecification","valueRequired":true,"valueName":"search_term_string"}}],"inLanguage":"vi"}]}},"_links":{"self":[{"href":"https:\/\/flyingart.vn\/index.php?rest_route=\/wp\/v2\/pages\/59","targetHints":{"allow":["GET"]}}],"collection":[{"href":"https:\/\/flyingart.vn\/index.php?rest_route=\/wp\/v2\/pages"}],"about":[{"href":"https:\/\/flyingart.vn\/index.php?rest_route=\/wp\/v2\/types\/page"}],"author":[{"embeddable":true,"href":"https:\/\/flyingart.vn\/index.php?rest_route=\/wp\/v2\/users\/1"}],"replies":[{"embeddable":true,"href":"https:\/\/flyingart.vn\/index.php?rest_route=%2Fwp%2Fv2%2Fcomments&post=59"}],"version-history":[{"count":26,"href":"https:\/\/flyingart.vn\/index.php?rest_route=\/wp\/v2\/pages\/59\/revisions"}],"predecessor-version":[{"id":1753,"href":"https:\/\/flyingart.vn\/index.php?rest_route=\/wp\/v2\/pages\/59\/revisions\/1753"}],"wp:attachment":[{"href":"https:\/\/flyingart.vn\/index.php?rest_route=%2Fwp%2Fv2%2Fmedia&parent=59"}],"curies":[{"name":"wp","href":"https:\/\/api.w.org\/{rel}","templated":true}]}}