{"id":801,"date":"2021-07-15T10:24:42","date_gmt":"2021-07-15T03:24:42","guid":{"rendered":"https:\/\/flyingart.vn\/?page_id=801"},"modified":"2025-05-30T07:55:46","modified_gmt":"2025-05-30T00:55:46","slug":"lien-he","status":"publish","type":"page","link":"https:\/\/flyingart.vn\/?page_id=801","title":{"rendered":"Li\u00ean h\u1ec7"},"content":{"rendered":"<div id=\"ez-toc-container\" class=\"ez-toc-v2_0_78 counter-hierarchy ez-toc-counter ez-toc-transparent ez-toc-container-direction\">\n<div class=\"ez-toc-title-container\">\n<p class=\"ez-toc-title\" style=\"cursor:inherit\">N\u1ed9i dung:<\/p>\n<span class=\"ez-toc-title-toggle\"><a href=\"#\" class=\"ez-toc-pull-right ez-toc-btn ez-toc-btn-xs ez-toc-btn-default ez-toc-toggle\" aria-label=\"Toggle Table of Content\"><span class=\"ez-toc-js-icon-con\"><span class=\"\"><span class=\"eztoc-hide\" style=\"display:none;\">Toggle<\/span><span class=\"ez-toc-icon-toggle-span\"><svg style=\"fill: #686868;color:#686868\" xmlns=\"http:\/\/www.w3.org\/2000\/svg\" class=\"list-377408\" width=\"20px\" height=\"20px\" viewBox=\"0 0 24 24\" fill=\"none\"><path d=\"M6 6H4v2h2V6zm14 0H8v2h12V6zM4 11h2v2H4v-2zm16 0H8v2h12v-2zM4 16h2v2H4v-2zm16 0H8v2h12v-2z\" fill=\"currentColor\"><\/path><\/svg><svg style=\"fill: #686868;color:#686868\" class=\"arrow-unsorted-368013\" xmlns=\"http:\/\/www.w3.org\/2000\/svg\" width=\"10px\" height=\"10px\" viewBox=\"0 0 24 24\" version=\"1.2\" baseProfile=\"tiny\"><path d=\"M18.2 9.3l-6.2-6.3-6.2 6.3c-.2.2-.3.4-.3.7s.1.5.3.7c.2.2.4.3.7.3h11c.3 0 .5-.1.7-.3.2-.2.3-.5.3-.7s-.1-.5-.3-.7zM5.8 14.7l6.2 6.3 6.2-6.3c.2-.2.3-.5.3-.7s-.1-.5-.3-.7c-.2-.2-.4-.3-.7-.3h-11c-.3 0-.5.1-.7.3-.2.2-.3.5-.3.7s.1.5.3.7z\"\/><\/svg><\/span><\/span><\/span><\/a><\/span><\/div>\n<nav><ul class='ez-toc-list ez-toc-list-level-1 ' ><li class='ez-toc-page-1 ez-toc-heading-level-2'><a class=\"ez-toc-link ez-toc-heading-1\" href=\"https:\/\/flyingart.vn\/?page_id=801\/#Kien_Kien_Tao_Khong_Gian_Song_Dam_Dau_An_Ca_Nhan_Cung_Flying_Art\" >Ki\u1ebfn Ki\u1ebfn T\u1ea1o Kh\u00f4ng Gian S\u1ed1ng \u0110\u1eadm D\u1ea5u \u1ea4n C\u00e1 Nh\u00e2n C\u00f9ng Flying Art<\/a><\/li><li class='ez-toc-page-1 ez-toc-heading-level-2'><a class=\"ez-toc-link ez-toc-heading-2\" href=\"https:\/\/flyingart.vn\/?page_id=801\/#Diem_Khac_Biet_Lam_Nen_Thuong_Hieu_Flying_Art\" >\u0110i\u1ec3m Kh\u00e1c Bi\u1ec7t L\u00e0m N\u00ean Th\u01b0\u01a1ng Hi\u1ec7u Flying Art<\/a><ul class='ez-toc-list-level-3' ><li class='ez-toc-heading-level-3'><a class=\"ez-toc-link ez-toc-heading-3\" href=\"https:\/\/flyingart.vn\/?page_id=801\/#Lien_He_Flying_Art_Ngay_Hom_Nay_De_Bien_Uoc_Mo_Thanh_Hien_Thuc\" >Li\u00ean H\u1ec7 Flying Art Ngay H\u00f4m Nay \u0110\u1ec3 Bi\u1ebfn \u01af\u1edbc M\u01a1 Th\u00e0nh Hi\u1ec7n Th\u1ef1c!<\/a><\/li><\/ul><\/li><\/ul><\/nav><\/div>\n<div class=\"wp-block-image\">\n<figure class=\"aligncenter size-full is-resized\"><img decoding=\"async\" src=\"https:\/\/flyingart.vn\/wp-content\/uploads\/2024\/06\/flyingart-04-web.png\" alt=\"\" class=\"wp-image-1759\" style=\"width:244px;height:auto\"\/><\/figure>\n<\/div>\n\n\n<p class=\"has-text-align-center\" style=\"font-size:27px\"><strong>Ki\u1ebfn Tr\u00fac &amp; N\u1ed9i Th\u1ea5t Flying Art<\/strong><\/p>\n\n\n\n<h2 class=\"wp-block-heading has-black-color has-text-color has-link-color has-medium-font-size wp-elements-bc89d7f8dd9af350d52dbf98be7dcee7\"><span class=\"ez-toc-section\" id=\"Kien_Kien_Tao_Khong_Gian_Song_Dam_Dau_An_Ca_Nhan_Cung_Flying_Art\"><\/span>Ki\u1ebfn Ki\u1ebfn T\u1ea1o Kh\u00f4ng Gian S\u1ed1ng \u0110\u1eadm D\u1ea5u \u1ea4n C\u00e1 Nh\u00e2n C\u00f9ng Flying Art<span class=\"ez-toc-section-end\"><\/span><\/h2>\n\n\n\n<p>T\u1ea1i <strong>Flying Art<\/strong>, ch\u00fang t\u00f4i kh\u00f4ng ch\u1ec9 thi\u1ebft k\u1ebf m\u00e0 c\u00f2n ki\u1ebfn t\u1ea1o nh\u1eefng kh\u00f4ng gian s\u1ed1ng, l\u00e0m vi\u1ec7c v\u00e0 th\u01b0 gi\u00e3n \u0111\u1ed9c \u0111\u00e1o, ph\u1ea3n \u00e1nh r\u00f5 n\u00e9t c\u00e1 t\u00ednh v\u00e0 phong c\u00e1ch ri\u00eang c\u1ee7a b\u1ea1n. V\u1edbi <strong>h\u01a1n 10 n\u0103m kinh nghi\u1ec7m chuy\u00ean s\u00e2u<\/strong> trong ng\u00e0nh, \u0111\u1ed9i ng\u0169 ki\u1ebfn tr\u00fac s\u01b0 v\u00e0 nh\u00e0 thi\u1ebft k\u1ebf c\u1ee7a ch\u00fang t\u00f4i t\u1ef1 h\u00e0o mang \u0111\u1ebfn nh\u1eefng gi\u1ea3i ph\u00e1p to\u00e0n di\u1ec7n, k\u1ebft h\u1ee3p h\u00e0i h\u00f2a gi\u1eefa <strong>th\u1ea9m m\u1ef9, c\u00f4ng n\u0103ng v\u00e0 s\u1ef1 tinh t\u1ebf<\/strong> trong t\u1eebng chi ti\u1ebft.<\/p>\n\n\n\n<p>Ch\u00fang t\u00f4i hi\u1ec3u r\u1eb1ng, m\u1ed9t ng\u00f4i nh\u00e0 kh\u00f4ng ch\u1ec9 l\u00e0 n\u01a1i \u0111\u1ec3 tr\u1edf v\u1ec1 m\u00e0 c\u00f2n l\u00e0 <strong>bi\u1ec3u t\u01b0\u1ee3ng c\u1ee7a phong c\u00e1ch s\u1ed1ng<\/strong>, gu th\u1ea9m m\u1ef9 v\u00e0 t\u00e2m h\u1ed3n c\u1ee7a gia ch\u1ee7. Ch\u00ednh v\u00ec v\u1eady, Flying Art lu\u00f4n cam k\u1ebft ki\u1ebfn t\u1ea1o nh\u1eefng kh\u00f4ng gian kh\u00f4ng ch\u1ec9 \u0111\u1eb9p m\u1eaft m\u00e0 c\u00f2n <strong>t\u1ed1i \u01b0u v\u1ec1 hi\u1ec7u qu\u1ea3 kinh t\u1ebf<\/strong>, c\u00f4ng n\u0103ng s\u1eed d\u1ee5ng v\u00e0 \u0111\u1ed9 b\u1ec1n v\u1eefng k\u1ef9 thu\u1eadt.<\/p>\n\n\n\n<p>\u0110\u1ec3 bi\u1ebfn t\u1ed5 \u1ea5m m\u01a1 \u01b0\u1edbc c\u1ee7a b\u1ea1n th\u00e0nh hi\u1ec7n th\u1ef1c, <strong>Flying Art cung c\u1ea5p d\u1ecbch v\u1ee5 thi\u1ebft k\u1ebf v\u00e0 thi c\u00f4ng tr\u1ecdn g\u00f3i<\/strong>, t\u1eeb ngo\u1ea1i th\u1ea5t \u0111\u1ebfn n\u1ed9i th\u1ea5t. Ch\u00fang t\u00f4i \u0111\u1ed3ng h\u00e0nh c\u00f9ng b\u1ea1n tr\u00ean m\u1ecdi ch\u1eb7ng \u0111\u01b0\u1eddng, t\u1eeb nh\u1eefng \u00fd t\u01b0\u1edfng ban \u0111\u1ea7u cho \u0111\u1ebfn khi b\u00e0n giao c\u00f4ng tr\u00ecnh ho\u00e0n thi\u1ec7n. S\u1ef1 h\u00e0i l\u00f2ng tuy\u1ec7t \u0111\u1ed1i c\u1ee7a kh\u00e1ch h\u00e0ng trong c\u00e1c d\u1ef1 \u00e1n <strong>bi\u1ec7t th\u1ef1 cao c\u1ea5p, nh\u00e0 \u1edf v\u00e0 v\u0103n ph\u00f2ng s\u00e1ng t\u1ea1o<\/strong> ch\u00ednh l\u00e0 minh ch\u1ee9ng cho ch\u1ea5t l\u01b0\u1ee3ng d\u1ecbch v\u1ee5 c\u1ee7a ch\u00fang t\u00f4i.<\/p>\n\n\n\n<hr class=\"wp-block-separator has-alpha-channel-opacity\"\/>\n\n\n\n<h2 class=\"wp-block-heading has-medium-font-size\"><span class=\"ez-toc-section\" id=\"Diem_Khac_Biet_Lam_Nen_Thuong_Hieu_Flying_Art\"><\/span>\u0110i\u1ec3m Kh\u00e1c Bi\u1ec7t L\u00e0m N\u00ean Th\u01b0\u01a1ng Hi\u1ec7u Flying Art<span class=\"ez-toc-section-end\"><\/span><\/h2>\n\n\n\n<p>S\u1ef1 kh\u00e1c bi\u1ec7t c\u1ee7a Flying Art n\u1eb1m \u1edf <strong>quy tr\u00ecnh l\u00e0m vi\u1ec7c xuy\u00ean su\u1ed1t, tinh g\u1ecdn v\u00e0 \u0111\u1ed3ng b\u1ed9<\/strong>, \u0111\u1ea3m b\u1ea3o mang l\u1ea1i tr\u1ea3i nghi\u1ec7m t\u1ed1t nh\u1ea5t cho kh\u00e1ch h\u00e0ng:<\/p>\n\n\n\n<ul class=\"wp-block-list\">\n<li><strong>L\u1eafng nghe:<\/strong> Ch\u00fang t\u00f4i d\u00e0nh th\u1eddi gian th\u1ea5u hi\u1ec3u s\u00e2u s\u1eafc m\u1ecdi mong mu\u1ed1n v\u00e0 nhu c\u1ea7u c\u1ee7a b\u1ea1n, \u0111\u1eb7t b\u1ea1n l\u00e0m trung t\u00e2m c\u1ee7a m\u1ecdi \u00fd t\u01b0\u1edfng.<\/li>\n\n\n\n<li><strong>Ph\u00e2n t\u00edch &amp; T\u1ed1i \u01b0u:<\/strong> \u0110\u00e1nh gi\u00e1 k\u1ef9 l\u01b0\u1ee1ng ti\u1ec1m n\u0103ng kh\u00f4ng gian v\u00e0 \u0111\u01b0a ra nh\u1eefng gi\u1ea3i ph\u00e1p thi\u1ebft k\u1ebf hi\u1ec7u qu\u1ea3, th\u00f4ng minh nh\u1ea5t.<\/li>\n\n\n\n<li><strong>Thi\u1ebft k\u1ebf S\u00e1ng t\u1ea1o:<\/strong> Bi\u1ebfn \u00fd t\u01b0\u1edfng th\u00e0nh hi\u1ec7n th\u1ef1c v\u1edbi nh\u1eefng kh\u00f4ng gian \u0111\u1ed9c \u0111\u00e1o, mang \u0111\u1eadm d\u1ea5u \u1ea5n c\u00e1 nh\u00e2n v\u00e0 phong c\u00e1ch ri\u00eang bi\u1ec7t.<\/li>\n\n\n\n<li><strong>Thi c\u00f4ng Chu\u1ea9n x\u00e1c:<\/strong> \u0110\u1ea3m b\u1ea3o ch\u1ea5t l\u01b0\u1ee3ng c\u00f4ng tr\u00ecnh v\u01b0\u1ee3t tr\u1ed9i v\u00e0 ti\u1ebfn \u0111\u1ed9 ho\u00e0n th\u00e0nh \u0111\u00fang cam k\u1ebft, t\u1ec9 m\u1ec9 trong t\u1eebng kh\u00e2u.<\/li>\n\n\n\n<li><strong>Ch\u0103m s\u00f3c Sau B\u00e0n Giao:<\/strong> Ch\u00fang t\u00f4i lu\u00f4n s\u1eb5n s\u00e0ng h\u1ed7 tr\u1ee3 v\u00e0 \u0111\u1ed3ng h\u00e0nh c\u00f9ng b\u1ea1n ngay c\u1ea3 sau khi d\u1ef1 \u00e1n \u0111\u00e3 ho\u00e0n thi\u1ec7n.<\/li>\n<\/ul>\n\n\n\n<p>V\u1edbi ph\u01b0\u01a1ng ch\u00e2m <strong>\u201cThi\u1ebft k\u1ebf cho kh\u00e1ch h\u00e0ng l\u00e0 thi\u1ebft k\u1ebf cho ch\u00ednh m\u00ecnh\u201d<\/strong>, m\u1ecdi d\u1ef1 \u00e1n t\u1ea1i Flying Art \u0111\u1ec1u \u0111\u01b0\u1ee3c th\u1ef1c hi\u1ec7n b\u1eb1ng c\u1ea3 t\u00e2m huy\u1ebft v\u00e0 tr\u00e1ch nhi\u1ec7m cao nh\u1ea5t. Ch\u00fang t\u00f4i kh\u00f4ng ng\u1eebng h\u1ecdc h\u1ecfi, c\u1eadp nh\u1eadt nh\u1eefng <strong>xu h\u01b0\u1edbng thi\u1ebft k\u1ebf m\u1edbi nh\u1ea5t<\/strong> trong v\u00e0 ngo\u00e0i n\u01b0\u1edbc, nh\u1eb1m mang \u0111\u1ebfn nh\u1eefng gi\u1ea3i ph\u00e1p th\u1ea9m m\u1ef9 b\u1ec1n v\u1eefng, ph\u00f9 h\u1ee3p v\u1edbi phong c\u00e1ch s\u1ed1ng hi\u1ec7n \u0111\u1ea1i.<\/p>\n\n\n\n<hr class=\"wp-block-separator has-alpha-channel-opacity\"\/>\n\n\n\n<h3 class=\"wp-block-heading\"><span class=\"ez-toc-section\" id=\"Lien_He_Flying_Art_Ngay_Hom_Nay_De_Bien_Uoc_Mo_Thanh_Hien_Thuc\"><\/span>Li\u00ean H\u1ec7 Flying Art Ngay H\u00f4m Nay \u0110\u1ec3 Bi\u1ebfn \u01af\u1edbc M\u01a1 Th\u00e0nh Hi\u1ec7n Th\u1ef1c!<span class=\"ez-toc-section-end\"><\/span><\/h3>\n\n\n\n<p>B\u1ea1n \u0111\u00e3 s\u1eb5n s\u00e0ng ki\u1ebfn t\u1ea1o kh\u00f4ng gian s\u1ed1ng m\u01a1 \u01b0\u1edbc c\u1ee7a m\u00ecnh?<\/p>\n\n\n\n<p>H\u00e3y li\u00ean h\u1ec7 v\u1edbi <strong>Flying Art<\/strong> ngay h\u00f4m nay \u0111\u1ec3 nh\u1eadn \u0111\u01b0\u1ee3c <strong>t\u01b0 v\u1ea5n thi\u1ebft k\u1ebf mi\u1ec5n ph\u00ed<\/strong> v\u00e0 b\u1eaft \u0111\u1ea7u h\u00e0nh tr\u00ecnh t\u1ea1o d\u1ef1ng t\u1ed5 \u1ea5m l\u00fd t\u01b0\u1edfng.<\/p>\n\n\n\n<p class=\"has-black-color has-text-color has-link-color has-medium-font-size wp-elements-a58cc618b7e05b816a043c26c6e4c9ce\"><strong>Hotline: 0905 12 9095 <\/strong><\/p>\n\n\n\n<p class=\"has-black-color has-text-color has-link-color has-medium-font-size wp-elements-4ce9eae2c86c897a83ed0b28fe9d4bd7\"><strong>Email: kts.phamtanvu@gmail.com<\/strong><\/p>\n\n\n\n<p class=\"has-text-align-left has-black-color has-text-color has-medium-font-size\">Ch\u00fang t\u00f4i lu\u00f4n s\u1eb5n s\u00e0ng t\u01b0 v\u1ea5n v\u00e0 gi\u1ea3i \u0111\u00e1p m\u1ecdi th\u1eafc m\u1eafc c\u1ee7a b\u1ea1n v\u1ec1 <strong>thi\u1ebft k\u1ebf &amp; thi c\u00f4ng ki\u1ebfn tr\u00fac, n\u1ed9i th\u1ea5t<\/strong>. \u0110\u1eebng ng\u1ea7n ng\u1ea1i g\u1ecdi ngay \u0111\u1ec3 nh\u1eadn t\u01b0 v\u1ea5n chuy\u00ean nghi\u1ec7p t\u1eeb KTS. Ph\u1ea1m T\u1ea5n V\u0169!<\/p>\n\n\n\n<p><\/p>\n","protected":false},"excerpt":{"rendered":"<p>Ki\u1ebfn Tr\u00fac &amp; N\u1ed9i Th\u1ea5t Flying Art Ki\u1ebfn Ki\u1ebfn T\u1ea1o Kh\u00f4ng Gian S\u1ed1ng \u0110\u1eadm D\u1ea5u \u1ea4n C\u00e1 Nh\u00e2n C\u00f9ng Flying Art T\u1ea1i Flying Art, ch\u00fang t\u00f4i kh\u00f4ng ch\u1ec9 thi\u1ebft k\u1ebf m\u00e0 c\u00f2n ki\u1ebfn t\u1ea1o nh\u1eefng kh\u00f4ng gian s\u1ed1ng, l\u00e0m vi\u1ec7c v\u00e0 th\u01b0 gi\u00e3n \u0111\u1ed9c \u0111\u00e1o, ph\u1ea3n \u00e1nh r\u00f5 n\u00e9t c\u00e1 t\u00ednh v\u00e0 phong c\u00e1ch ri\u00eang&hellip; <br \/> <a class=\"read-more\" href=\"https:\/\/flyingart.vn\/?page_id=801\">Read more<\/a><\/p>\n","protected":false},"author":1,"featured_media":0,"parent":0,"menu_order":0,"comment_status":"closed","ping_status":"closed","template":"page-templates\/homepage.php","meta":{"footnotes":""},"class_list":["post-801","page","type-page","status-publish","hentry"],"yoast_head":"<!-- This site is optimized with the Yoast SEO plugin v26.5 - https:\/\/yoast.com\/wordpress\/plugins\/seo\/ -->\n<title>Li\u00ean h\u1ec7 - Ki\u1ebfn Tr\u00fac - N\u1ed9i Th\u1ea5t Flying Art<\/title>\n<meta name=\"robots\" content=\"index, follow, max-snippet:-1, max-image-preview:large, max-video-preview:-1\" \/>\n<link rel=\"canonical\" href=\"https:\/\/flyingart.vn\/?page_id=801\" \/>\n<meta property=\"og:locale\" content=\"vi_VN\" \/>\n<meta property=\"og:type\" content=\"article\" \/>\n<meta property=\"og:title\" content=\"Li\u00ean h\u1ec7 - Ki\u1ebfn Tr\u00fac - N\u1ed9i Th\u1ea5t Flying Art\" \/>\n<meta property=\"og:description\" content=\"Ki\u1ebfn Tr\u00fac &amp; N\u1ed9i Th\u1ea5t Flying Art Ki\u1ebfn Ki\u1ebfn T\u1ea1o Kh\u00f4ng Gian S\u1ed1ng \u0110\u1eadm D\u1ea5u \u1ea4n C\u00e1 Nh\u00e2n C\u00f9ng Flying Art T\u1ea1i Flying Art, ch\u00fang t\u00f4i kh\u00f4ng ch\u1ec9 thi\u1ebft k\u1ebf m\u00e0 c\u00f2n ki\u1ebfn t\u1ea1o nh\u1eefng kh\u00f4ng gian s\u1ed1ng, l\u00e0m vi\u1ec7c v\u00e0 th\u01b0 gi\u00e3n \u0111\u1ed9c \u0111\u00e1o, ph\u1ea3n \u00e1nh r\u00f5 n\u00e9t c\u00e1 t\u00ednh v\u00e0 phong c\u00e1ch ri\u00eang&hellip; Read more\" \/>\n<meta property=\"og:url\" content=\"https:\/\/flyingart.vn\/?page_id=801\" \/>\n<meta property=\"og:site_name\" content=\"Ki\u1ebfn Tr\u00fac - N\u1ed9i Th\u1ea5t Flying Art\" \/>\n<meta property=\"article:modified_time\" content=\"2025-05-30T00:55:46+00:00\" \/>\n<meta name=\"twitter:card\" content=\"summary_large_image\" \/>\n<meta name=\"twitter:label1\" content=\"\u01af\u1edbc t\u00ednh th\u1eddi gian \u0111\u1ecdc\" \/>\n\t<meta name=\"twitter:data1\" content=\"4 ph\u00fat\" \/>\n<script type=\"application\/ld+json\" class=\"yoast-schema-graph\">{\"@context\":\"https:\/\/schema.org\",\"@graph\":[{\"@type\":\"WebPage\",\"@id\":\"https:\/\/flyingart.vn\/?page_id=801\",\"url\":\"https:\/\/flyingart.vn\/?page_id=801\",\"name\":\"Li\u00ean h\u1ec7 - Ki\u1ebfn Tr\u00fac - N\u1ed9i Th\u1ea5t Flying Art\",\"isPartOf\":{\"@id\":\"https:\/\/flyingart.vn\/#website\"},\"primaryImageOfPage\":{\"@id\":\"https:\/\/flyingart.vn\/?page_id=801#primaryimage\"},\"image\":{\"@id\":\"https:\/\/flyingart.vn\/?page_id=801#primaryimage\"},\"thumbnailUrl\":\"https:\/\/flyingart.vn\/wp-content\/uploads\/2024\/06\/flyingart-04-web.png\",\"datePublished\":\"2021-07-15T03:24:42+00:00\",\"dateModified\":\"2025-05-30T00:55:46+00:00\",\"breadcrumb\":{\"@id\":\"https:\/\/flyingart.vn\/?page_id=801#breadcrumb\"},\"inLanguage\":\"vi\",\"potentialAction\":[{\"@type\":\"ReadAction\",\"target\":[\"https:\/\/flyingart.vn\/?page_id=801\"]}]},{\"@type\":\"ImageObject\",\"inLanguage\":\"vi\",\"@id\":\"https:\/\/flyingart.vn\/?page_id=801#primaryimage\",\"url\":\"\",\"contentUrl\":\"\"},{\"@type\":\"BreadcrumbList\",\"@id\":\"https:\/\/flyingart.vn\/?page_id=801#breadcrumb\",\"itemListElement\":[{\"@type\":\"ListItem\",\"position\":1,\"name\":\"Trang ch\u1ee7\",\"item\":\"https:\/\/flyingart.vn\/\"},{\"@type\":\"ListItem\",\"position\":2,\"name\":\"Li\u00ean h\u1ec7\"}]},{\"@type\":\"WebSite\",\"@id\":\"https:\/\/flyingart.vn\/#website\",\"url\":\"https:\/\/flyingart.vn\/\",\"name\":\"Ki\u1ebfn Tr\u00fac - N\u1ed9i Th\u1ea5t Flying Art\",\"description\":\"&quot;Ki\u1ebfn t\u1ea1o kh\u00f4ng gian s\u1ed1ng&quot;\",\"potentialAction\":[{\"@type\":\"SearchAction\",\"target\":{\"@type\":\"EntryPoint\",\"urlTemplate\":\"https:\/\/flyingart.vn\/?s={search_term_string}\"},\"query-input\":{\"@type\":\"PropertyValueSpecification\",\"valueRequired\":true,\"valueName\":\"search_term_string\"}}],\"inLanguage\":\"vi\"}]}<\/script>\n<!-- \/ Yoast SEO plugin. -->","yoast_head_json":{"title":"Li\u00ean h\u1ec7 - Ki\u1ebfn Tr\u00fac - N\u1ed9i Th\u1ea5t Flying Art","robots":{"index":"index","follow":"follow","max-snippet":"max-snippet:-1","max-image-preview":"max-image-preview:large","max-video-preview":"max-video-preview:-1"},"canonical":"https:\/\/flyingart.vn\/?page_id=801","og_locale":"vi_VN","og_type":"article","og_title":"Li\u00ean h\u1ec7 - Ki\u1ebfn Tr\u00fac - N\u1ed9i Th\u1ea5t Flying Art","og_description":"Ki\u1ebfn Tr\u00fac &amp; N\u1ed9i Th\u1ea5t Flying Art Ki\u1ebfn Ki\u1ebfn T\u1ea1o Kh\u00f4ng Gian S\u1ed1ng \u0110\u1eadm D\u1ea5u \u1ea4n C\u00e1 Nh\u00e2n C\u00f9ng Flying Art T\u1ea1i Flying Art, ch\u00fang t\u00f4i kh\u00f4ng ch\u1ec9 thi\u1ebft k\u1ebf m\u00e0 c\u00f2n ki\u1ebfn t\u1ea1o nh\u1eefng kh\u00f4ng gian s\u1ed1ng, l\u00e0m vi\u1ec7c v\u00e0 th\u01b0 gi\u00e3n \u0111\u1ed9c \u0111\u00e1o, ph\u1ea3n \u00e1nh r\u00f5 n\u00e9t c\u00e1 t\u00ednh v\u00e0 phong c\u00e1ch ri\u00eang&hellip; Read more","og_url":"https:\/\/flyingart.vn\/?page_id=801","og_site_name":"Ki\u1ebfn Tr\u00fac - N\u1ed9i Th\u1ea5t Flying Art","article_modified_time":"2025-05-30T00:55:46+00:00","twitter_card":"summary_large_image","twitter_misc":{"\u01af\u1edbc t\u00ednh th\u1eddi gian \u0111\u1ecdc":"4 ph\u00fat"},"schema":{"@context":"https:\/\/schema.org","@graph":[{"@type":"WebPage","@id":"https:\/\/flyingart.vn\/?page_id=801","url":"https:\/\/flyingart.vn\/?page_id=801","name":"Li\u00ean h\u1ec7 - Ki\u1ebfn Tr\u00fac - N\u1ed9i Th\u1ea5t Flying Art","isPartOf":{"@id":"https:\/\/flyingart.vn\/#website"},"primaryImageOfPage":{"@id":"https:\/\/flyingart.vn\/?page_id=801#primaryimage"},"image":{"@id":"https:\/\/flyingart.vn\/?page_id=801#primaryimage"},"thumbnailUrl":"https:\/\/flyingart.vn\/wp-content\/uploads\/2024\/06\/flyingart-04-web.png","datePublished":"2021-07-15T03:24:42+00:00","dateModified":"2025-05-30T00:55:46+00:00","breadcrumb":{"@id":"https:\/\/flyingart.vn\/?page_id=801#breadcrumb"},"inLanguage":"vi","potentialAction":[{"@type":"ReadAction","target":["https:\/\/flyingart.vn\/?page_id=801"]}]},{"@type":"ImageObject","inLanguage":"vi","@id":"https:\/\/flyingart.vn\/?page_id=801#primaryimage","url":"","contentUrl":""},{"@type":"BreadcrumbList","@id":"https:\/\/flyingart.vn\/?page_id=801#breadcrumb","itemListElement":[{"@type":"ListItem","position":1,"name":"Trang ch\u1ee7","item":"https:\/\/flyingart.vn\/"},{"@type":"ListItem","position":2,"name":"Li\u00ean h\u1ec7"}]},{"@type":"WebSite","@id":"https:\/\/flyingart.vn\/#website","url":"https:\/\/flyingart.vn\/","name":"Ki\u1ebfn Tr\u00fac - N\u1ed9i Th\u1ea5t Flying Art","description":"&quot;Ki\u1ebfn t\u1ea1o kh\u00f4ng gian s\u1ed1ng&quot;","potentialAction":[{"@type":"SearchAction","target":{"@type":"EntryPoint","urlTemplate":"https:\/\/flyingart.vn\/?s={search_term_string}"},"query-input":{"@type":"PropertyValueSpecification","valueRequired":true,"valueName":"search_term_string"}}],"inLanguage":"vi"}]}},"_links":{"self":[{"href":"https:\/\/flyingart.vn\/index.php?rest_route=\/wp\/v2\/pages\/801","targetHints":{"allow":["GET"]}}],"collection":[{"href":"https:\/\/flyingart.vn\/index.php?rest_route=\/wp\/v2\/pages"}],"about":[{"href":"https:\/\/flyingart.vn\/index.php?rest_route=\/wp\/v2\/types\/page"}],"author":[{"embeddable":true,"href":"https:\/\/flyingart.vn\/index.php?rest_route=\/wp\/v2\/users\/1"}],"replies":[{"embeddable":true,"href":"https:\/\/flyingart.vn\/index.php?rest_route=%2Fwp%2Fv2%2Fcomments&post=801"}],"version-history":[{"count":28,"href":"https:\/\/flyingart.vn\/index.php?rest_route=\/wp\/v2\/pages\/801\/revisions"}],"predecessor-version":[{"id":1942,"href":"https:\/\/flyingart.vn\/index.php?rest_route=\/wp\/v2\/pages\/801\/revisions\/1942"}],"wp:attachment":[{"href":"https:\/\/flyingart.vn\/index.php?rest_route=%2Fwp%2Fv2%2Fmedia&parent=801"}],"curies":[{"name":"wp","href":"https:\/\/api.w.org\/{rel}","templated":true}]}}